{"id":10,"date":"2026-01-28T14:43:06","date_gmt":"2026-01-28T13:43:06","guid":{"rendered":"https:\/\/www.vkcleaning.cz\/?page_id=10"},"modified":"2026-01-28T19:56:43","modified_gmt":"2026-01-28T18:56:43","slug":"vk-cleaning","status":"publish","type":"page","link":"https:\/\/www.vkcleaning.cz\/","title":{"rendered":"O n\u00e1s"},"content":{"rendered":"\n<p><\/p>\n\n\n\n<p>\u201e\u010cistota, kter\u00e1 mluv\u00ed za n\u00e1s&#8220;<\/p>\n\n\n\n<p>A p\u0159esn\u011b na to se ve VK.cleaning zam\u011b\u0159ujeme u\u017e v\u00edce ne\u017e 5 let.<\/p>\n\n\n\n<p>Za tu dobu jsme nasb\u00edrali zku\u0161enosti nejen s \u00faklidem byt\u016f a rodinn\u00fdch dom\u016f, ale i s n\u00e1ro\u010dn\u00fdmi zak\u00e1zkami pro m\u011bstsk\u00e9 a stavebn\u00ed \u00fa\u0159ady, kulturn\u00ed st\u0159ediska, pe\u010dovatelsk\u00e9 domy, kancel\u00e1\u0159e a firmy. V\u00edme, \u017ee ka\u017ed\u00fd prostor m\u00e1 jin\u00e1 pravidla, jin\u00fd provoz a jin\u00e1 o\u010dek\u00e1v\u00e1n\u00ed \u2013 a my se jim um\u00edme p\u0159izp\u016fsobit.<\/p>\n\n\n\n<p>Neust\u00e1le zdokonalujeme na\u0161e postupy, pou\u017e\u00edv\u00e1me ov\u011b\u0159en\u00e9 technologie a pravideln\u011b \u0161kol\u00edme na\u0161e pracovn\u00edky, aby byl v\u00fdsledek v\u017edy maxim\u00e1ln\u00ed. Nehled\u00e1me zkratky. Hled\u00e1me dlouhodobou spokojenost klient\u016f.<\/p>\n\n\n\n<p>P\u016fsob\u00edme ve St\u0159edo\u010desk\u00e9m a \u00dasteck\u00e9m kraji a v Praze, ale po domluv\u011b jsme schopni zajistit \u00faklid kdekoli v r\u00e1mci cel\u00e9 \u010cR.<\/p>\n\n\n\n<p>Pokud hled\u00e1te spolehlivou, diskr\u00e9tn\u00ed a precizn\u00ed \u00faklidovou firmu, kter\u00e1 bere svou pr\u00e1ci v\u00e1\u017en\u011b, jste na spr\u00e1vn\u00e9m m\u00edst\u011b.<\/p>\n\n\n\n<p>Po\u0161lete n\u00e1m popt\u00e1vku formul\u00e1\u0159em v sekci kontakty a p\u0159esv\u011bd\u010dte se, \u017ee \u010distota m\u016f\u017ee fungovat bez starost\u00ed.<\/p>\n\n\n\n<p><\/p>\n","protected":false},"excerpt":{"rendered":"<p>\u201e\u010cistota, kter\u00e1 mluv\u00ed za n\u00e1s&#8220; A p\u0159esn\u011b na to se ve VK.cleaning zam\u011b\u0159ujeme u\u017e v\u00edce ne\u017e 5 let. Za tu [&hellip;]<\/p>\n","protected":false},"author":1,"featured_media":0,"parent":0,"menu_order":0,"comment_status":"closed","ping_status":"closed","template":"","meta":{"site-sidebar-layout":"default","site-content-layout":"","ast-site-content-layout":"default","site-content-style":"default","site-sidebar-style":"default","ast-global-header-display":"","ast-banner-title-visibility":"","ast-main-header-display":"","ast-hfb-above-header-display":"","ast-hfb-below-header-display":"","ast-hfb-mobile-header-display":"","site-post-title":"","ast-breadcrumbs-content":"","ast-featured-img":"","footer-sml-layout":"","ast-disable-related-posts":"","theme-transparent-header-meta":"","adv-header-id-meta":"","stick-header-meta":"","header-above-stick-meta":"","header-main-stick-meta":"","header-below-stick-meta":"","astra-migrate-meta-layouts":"default","ast-page-background-enabled":"default","ast-page-background-meta":{"desktop":{"background-color":"var(--ast-global-color-5)","background-image":"","background-repeat":"repeat","background-position":"center center","background-size":"auto","background-attachment":"scroll","background-type":"","background-media":"","overlay-type":"","overlay-color":"","overlay-opacity":"","overlay-gradient":""},"tablet":{"background-color":"","background-image":"","background-repeat":"repeat","background-position":"center center","background-size":"auto","background-attachment":"scroll","background-type":"","background-media":"","overlay-type":"","overlay-color":"","overlay-opacity":"","overlay-gradient":""},"mobile":{"background-color":"","background-image":"","background-repeat":"repeat","background-position":"center center","background-size":"auto","background-attachment":"scroll","background-type":"","background-media":"","overlay-type":"","overlay-color":"","overlay-opacity":"","overlay-gradient":""}},"ast-content-background-meta":{"desktop":{"background-color":"var(--ast-global-color-4)","background-image":"","background-repeat":"repeat","background-position":"center center","background-size":"auto","background-attachment":"scroll","background-type":"","background-media":"","overlay-type":"","overlay-color":"","overlay-opacity":"","overlay-gradient":""},"tablet":{"background-color":"var(--ast-global-color-4)","background-image":"","background-repeat":"repeat","background-position":"center center","background-size":"auto","background-attachment":"scroll","background-type":"","background-media":"","overlay-type":"","overlay-color":"","overlay-opacity":"","overlay-gradient":""},"mobile":{"background-color":"var(--ast-global-color-4)","background-image":"","background-repeat":"repeat","background-position":"center center","background-size":"auto","background-attachment":"scroll","background-type":"","background-media":"","overlay-type":"","overlay-color":"","overlay-opacity":"","overlay-gradient":""}},"footnotes":""},"class_list":["post-10","page","type-page","status-publish","hentry"],"_links":{"self":[{"href":"https:\/\/www.vkcleaning.cz\/index.php\/wp-json\/wp\/v2\/pages\/10","targetHints":{"allow":["GET"]}}],"collection":[{"href":"https:\/\/www.vkcleaning.cz\/index.php\/wp-json\/wp\/v2\/pages"}],"about":[{"href":"https:\/\/www.vkcleaning.cz\/index.php\/wp-json\/wp\/v2\/types\/page"}],"author":[{"embeddable":true,"href":"https:\/\/www.vkcleaning.cz\/index.php\/wp-json\/wp\/v2\/users\/1"}],"replies":[{"embeddable":true,"href":"https:\/\/www.vkcleaning.cz\/index.php\/wp-json\/wp\/v2\/comments?post=10"}],"version-history":[{"count":8,"href":"https:\/\/www.vkcleaning.cz\/index.php\/wp-json\/wp\/v2\/pages\/10\/revisions"}],"predecessor-version":[{"id":92,"href":"https:\/\/www.vkcleaning.cz\/index.php\/wp-json\/wp\/v2\/pages\/10\/revisions\/92"}],"wp:attachment":[{"href":"https:\/\/www.vkcleaning.cz\/index.php\/wp-json\/wp\/v2\/media?parent=10"}],"curies":[{"name":"wp","href":"https:\/\/api.w.org\/{rel}","templated":true}]}}