{"id":12,"date":"2026-01-28T14:55:21","date_gmt":"2026-01-28T13:55:21","guid":{"rendered":"https:\/\/www.vkcleaning.cz\/?page_id=12"},"modified":"2026-01-28T14:55:21","modified_gmt":"2026-01-28T13:55:21","slug":"uklidove-sluzby","status":"publish","type":"page","link":"https:\/\/www.vkcleaning.cz\/index.php\/uklidove-sluzby\/","title":{"rendered":"\u00daklidov\u00e9 Slu\u017eby"},"content":{"rendered":"\n<p>Na\u0161e slu\u017eby<\/p>\n\n\n\n<p>Zajist\u00edme pro v\u00e1s kompletn\u00ed \u010distotu profesion\u00e1ln\u011b a spolehliv\u011b:<\/p>\n\n\n\n<p>Dom\u00e1cnosti \u2013 pravideln\u00fd i jednor\u00e1zov\u00fd \u00faklid.<\/p>\n\n\n\n<p>Firmy a kancel\u00e1\u0159e \u2013 reprezentativn\u00ed z\u00e1zem\u00ed.<\/p>\n\n\n\n<p>Haly a objekty \u2013 \u00faklid komer\u010dn\u00edch a pr\u016fmyslov\u00fdch ploch.<\/p>\n\n\n\n<p>Spole\u010dn\u00e9 prostory \u2013 servis pro bytov\u00e9 domy a SVJ.<\/p>\n\n\n\n<p>Poststavebn\u00ed \u00faklid \u2013 po malov\u00e1n\u00ed, rekonstrukci a stavb\u011b.<\/p>\n\n\n\n<p>Gener\u00e1ln\u00ed \u00faklid \u2013 hloubkov\u00e1 o\u010dista na m\u00edru.<\/p>\n\n\n\n<p>Tepov\u00e1n\u00ed \u2013 hloubkov\u00e9 \u010di\u0161t\u011bn\u00ed koberc\u016f a \u010daloun\u011bn\u00ed.<\/p>\n","protected":false},"excerpt":{"rendered":"<p>Na\u0161e slu\u017eby Zajist\u00edme pro v\u00e1s kompletn\u00ed \u010distotu profesion\u00e1ln\u011b a spolehliv\u011b: Dom\u00e1cnosti \u2013 pravideln\u00fd i jednor\u00e1zov\u00fd \u00faklid. Firmy a kancel\u00e1\u0159e \u2013 [&hellip;]<\/p>\n","protected":false},"author":1,"featured_media":0,"parent":0,"menu_order":0,"comment_status":"closed","ping_status":"closed","template":"","meta":{"site-sidebar-layout":"default","site-content-layout":"","ast-site-content-layout":"default","site-content-style":"default","site-sidebar-style":"default","ast-global-header-display":"","ast-banner-title-visibility":"","ast-main-header-display":"","ast-hfb-above-header-display":"","ast-hfb-below-header-display":"","ast-hfb-mobile-header-display":"","site-post-title":"","ast-breadcrumbs-content":"","ast-featured-img":"","footer-sml-layout":"","ast-disable-related-posts":"","theme-transparent-header-meta":"","adv-header-id-meta":"","stick-header-meta":"","header-above-stick-meta":"","header-main-stick-meta":"","header-below-stick-meta":"","astra-migrate-meta-layouts":"default","ast-page-background-enabled":"default","ast-page-background-meta":{"desktop":{"background-color":"var(--ast-global-color-5)","background-image":"","background-repeat":"repeat","background-position":"center center","background-size":"auto","background-attachment":"scroll","background-type":"","background-media":"","overlay-type":"","overlay-color":"","overlay-opacity":"","overlay-gradient":""},"tablet":{"background-color":"","background-image":"","background-repeat":"repeat","background-position":"center center","background-size":"auto","background-attachment":"scroll","background-type":"","background-media":"","overlay-type":"","overlay-color":"","overlay-opacity":"","overlay-gradient":""},"mobile":{"background-color":"","background-image":"","background-repeat":"repeat","background-position":"center center","background-size":"auto","background-attachment":"scroll","background-type":"","background-media":"","overlay-type":"","overlay-color":"","overlay-opacity":"","overlay-gradient":""}},"ast-content-background-meta":{"desktop":{"background-color":"var(--ast-global-color-4)","background-image":"","background-repeat":"repeat","background-position":"center center","background-size":"auto","background-attachment":"scroll","background-type":"","background-media":"","overlay-type":"","overlay-color":"","overlay-opacity":"","overlay-gradient":""},"tablet":{"background-color":"var(--ast-global-color-4)","background-image":"","background-repeat":"repeat","background-position":"center center","background-size":"auto","background-attachment":"scroll","background-type":"","background-media":"","overlay-type":"","overlay-color":"","overlay-opacity":"","overlay-gradient":""},"mobile":{"background-color":"var(--ast-global-color-4)","background-image":"","background-repeat":"repeat","background-position":"center center","background-size":"auto","background-attachment":"scroll","background-type":"","background-media":"","overlay-type":"","overlay-color":"","overlay-opacity":"","overlay-gradient":""}},"footnotes":""},"class_list":["post-12","page","type-page","status-publish","hentry"],"_links":{"self":[{"href":"https:\/\/www.vkcleaning.cz\/index.php\/wp-json\/wp\/v2\/pages\/12","targetHints":{"allow":["GET"]}}],"collection":[{"href":"https:\/\/www.vkcleaning.cz\/index.php\/wp-json\/wp\/v2\/pages"}],"about":[{"href":"https:\/\/www.vkcleaning.cz\/index.php\/wp-json\/wp\/v2\/types\/page"}],"author":[{"embeddable":true,"href":"https:\/\/www.vkcleaning.cz\/index.php\/wp-json\/wp\/v2\/users\/1"}],"replies":[{"embeddable":true,"href":"https:\/\/www.vkcleaning.cz\/index.php\/wp-json\/wp\/v2\/comments?post=12"}],"version-history":[{"count":2,"href":"https:\/\/www.vkcleaning.cz\/index.php\/wp-json\/wp\/v2\/pages\/12\/revisions"}],"predecessor-version":[{"id":79,"href":"https:\/\/www.vkcleaning.cz\/index.php\/wp-json\/wp\/v2\/pages\/12\/revisions\/79"}],"wp:attachment":[{"href":"https:\/\/www.vkcleaning.cz\/index.php\/wp-json\/wp\/v2\/media?parent=12"}],"curies":[{"name":"wp","href":"https:\/\/api.w.org\/{rel}","templated":true}]}}